{"id":197,"date":"2020-05-04T14:47:58","date_gmt":"2020-05-04T14:47:58","guid":{"rendered":"http:\/\/www.copainsdesoif.be\/site\/?page_id=197"},"modified":"2020-05-15T12:36:27","modified_gmt":"2020-05-15T12:36:27","slug":"domaine-du-faucon-dore","status":"publish","type":"page","link":"https:\/\/www.copainsdesoif.be\/site\/index.php\/domaine-du-faucon-dore\/","title":{"rendered":"Domaine du Faucon Dor\u00e9"},"content":{"rendered":"\n<ul class=\"wp-block-gallery columns-2 is-cropped wp-block-gallery-1 is-layout-flex wp-block-gallery-is-layout-flex\"><li class=\"blocks-gallery-item\"><figure><img loading=\"lazy\" decoding=\"async\" width=\"1024\" height=\"768\" src=\"http:\/\/www.copainsdesoif.be\/site\/wp-content\/uploads\/2020\/05\/Frankrijk-2016-1102-1024x768.jpg\" alt=\"\" data-id=\"198\" data-link=\"http:\/\/www.copainsdesoif.be\/site\/?attachment_id=198\" class=\"wp-image-198\" srcset=\"https:\/\/www.copainsdesoif.be\/site\/wp-content\/uploads\/2020\/05\/Frankrijk-2016-1102.jpg 1024w, https:\/\/www.copainsdesoif.be\/site\/wp-content\/uploads\/2020\/05\/Frankrijk-2016-1102-300x225.jpg 300w, https:\/\/www.copainsdesoif.be\/site\/wp-content\/uploads\/2020\/05\/Frankrijk-2016-1102-768x576.jpg 768w\" sizes=\"(max-width: 767px) 89vw, (max-width: 1000px) 54vw, (max-width: 1071px) 543px, 580px\" \/><\/figure><\/li><li class=\"blocks-gallery-item\"><figure><img loading=\"lazy\" decoding=\"async\" width=\"1024\" height=\"768\" src=\"http:\/\/www.copainsdesoif.be\/site\/wp-content\/uploads\/2020\/05\/Frankrijk-2016-1103-1024x768.jpg\" alt=\"\" data-id=\"199\" data-link=\"http:\/\/www.copainsdesoif.be\/site\/?attachment_id=199\" class=\"wp-image-199\" srcset=\"https:\/\/www.copainsdesoif.be\/site\/wp-content\/uploads\/2020\/05\/Frankrijk-2016-1103.jpg 1024w, https:\/\/www.copainsdesoif.be\/site\/wp-content\/uploads\/2020\/05\/Frankrijk-2016-1103-300x225.jpg 300w, https:\/\/www.copainsdesoif.be\/site\/wp-content\/uploads\/2020\/05\/Frankrijk-2016-1103-768x576.jpg 768w\" sizes=\"(max-width: 767px) 89vw, (max-width: 1000px) 54vw, (max-width: 1071px) 543px, 580px\" \/><\/figure><\/li><li class=\"blocks-gallery-item\"><figure><img loading=\"lazy\" decoding=\"async\" width=\"1024\" height=\"774\" src=\"http:\/\/www.copainsdesoif.be\/site\/wp-content\/uploads\/2020\/05\/Frankrijk-2016-1108-1024x774.jpg\" alt=\"\" data-id=\"200\" data-link=\"http:\/\/www.copainsdesoif.be\/site\/?attachment_id=200\" class=\"wp-image-200\" srcset=\"https:\/\/www.copainsdesoif.be\/site\/wp-content\/uploads\/2020\/05\/Frankrijk-2016-1108.jpg 1024w, https:\/\/www.copainsdesoif.be\/site\/wp-content\/uploads\/2020\/05\/Frankrijk-2016-1108-300x227.jpg 300w, https:\/\/www.copainsdesoif.be\/site\/wp-content\/uploads\/2020\/05\/Frankrijk-2016-1108-768x581.jpg 768w\" sizes=\"(max-width: 767px) 89vw, (max-width: 1000px) 54vw, (max-width: 1071px) 543px, 580px\" \/><\/figure><\/li><\/ul>\n\n\n\n<p>Het \u201cDomaine du Faucon Dor\u00e9\u201d werd opgericht door de familie Beaumont in het fantastische wijnjaar 1985 en is gelegen in de Dr\u00f4me Proven\u00e7ale. Het domein bestaat uit 22ha wijngaarden in de appellaties AOP C\u00f4tes du Rh\u00f4ne, AOP C\u00f4tes du Rh\u00f4ne Villages &amp; AOP C\u00f4tes du Rh\u00f4ne Puym\u00e9ras en 5ha Vin de Pays. De ondergrond bestaat uit rolkeien, kalk en klei. De werkwijze is traditioneel met als doel het verkrijgen van karaktervolle rode wijnen, fruitige ros\u00e9s en witte wijnen vol finesse (AB &amp; Demeter).<\/p>\n\n\n\n<p class=\"has-medium-font-size\"><strong>WIJNEN<\/strong><\/p>\n\n\n\n<ul><li>AOP C\u00f4tes du Rh\u00f4ne <strong>La Souche Blanc<\/strong> (50% Grenache Blanc, 50% Ugni-Blanc)<ul><li>Appel, agrum, accacia<\/li><\/ul><\/li><li>AOP C\u00f4tes du Rh\u00f4ne <strong>La Souche Rouge<\/strong> (60% Grenache, 10% Syrah,  10% Cinsault, 10% Carrignan, 10% Aubum)<ul><li>Zwarte kers, heel soepel in de mond<\/li><\/ul><\/li><li>AOP C\u00f4tes du Rh\u00f4ne <strong>La Souche Ros\u00e9 <\/strong>(35% Grenache, 35% Syrah, 30% Cinsault)<ul><li>Framboos, agrum, heel fruitig<\/li><\/ul><\/li><li>AOP C\u00f4tes du Rh\u00f4ne Villages Puym\u00e9ras <strong>Triavitis <\/strong>(50% Syrah, 40% Grenache, 10% Mourv\u00e8dre)<ul><li>Zoethout, framboos, peper, vanille, fruitig &amp; krachtig<\/li><\/ul><\/li><li>AOP C\u00f4tes du Rh\u00f4ne <strong>Becassier <\/strong>(100% Syrah)<ul><li>Cassis, vanille, krachtig<\/li><\/ul><\/li><li>AOP C\u00f4tes du Rh\u00f4ne <strong>Saint Germain<\/strong> (100% Viognier)<ul><li>12m. Hout, floraal, fruitig, acacia, kweepeer<\/li><\/ul><\/li><li>AOP C\u00f4teaux des Baronies <strong>Lou Sangli\u00e9<\/strong> (100% Merlot)<ul><li>Krachtig, pruimen, zwarte bessen, zwarte chocolade, gember<\/li><\/ul><\/li><\/ul>\n","protected":false},"excerpt":{"rendered":"<p>Het \u201cDomaine du Faucon Dor\u00e9\u201d werd opgericht door de familie Beaumont in het fantastische wijnjaar 1985 en is gelegen in de Dr\u00f4me Proven\u00e7ale. Het domein bestaat uit 22ha wijngaarden in de appellaties AOP C\u00f4tes du Rh\u00f4ne, AOP C\u00f4tes du Rh\u00f4ne Villages &amp; AOP C\u00f4tes du Rh\u00f4ne Puym\u00e9ras en 5ha Vin de Pays. De ondergrond bestaat &hellip; <\/p>\n<p class=\"link-more\"><a href=\"https:\/\/www.copainsdesoif.be\/site\/index.php\/domaine-du-faucon-dore\/\" class=\"more-link\">Continue reading<span class=\"screen-reader-text\"> &#8220;Domaine du Faucon Dor\u00e9&#8221;<\/span><\/a><\/p>\n","protected":false},"author":1,"featured_media":0,"parent":0,"menu_order":0,"comment_status":"closed","ping_status":"closed","template":"","meta":{"footnotes":""},"jetpack_sharing_enabled":true,"_links":{"self":[{"href":"https:\/\/www.copainsdesoif.be\/site\/index.php\/wp-json\/wp\/v2\/pages\/197"}],"collection":[{"href":"https:\/\/www.copainsdesoif.be\/site\/index.php\/wp-json\/wp\/v2\/pages"}],"about":[{"href":"https:\/\/www.copainsdesoif.be\/site\/index.php\/wp-json\/wp\/v2\/types\/page"}],"author":[{"embeddable":true,"href":"https:\/\/www.copainsdesoif.be\/site\/index.php\/wp-json\/wp\/v2\/users\/1"}],"replies":[{"embeddable":true,"href":"https:\/\/www.copainsdesoif.be\/site\/index.php\/wp-json\/wp\/v2\/comments?post=197"}],"version-history":[{"count":2,"href":"https:\/\/www.copainsdesoif.be\/site\/index.php\/wp-json\/wp\/v2\/pages\/197\/revisions"}],"predecessor-version":[{"id":288,"href":"https:\/\/www.copainsdesoif.be\/site\/index.php\/wp-json\/wp\/v2\/pages\/197\/revisions\/288"}],"wp:attachment":[{"href":"https:\/\/www.copainsdesoif.be\/site\/index.php\/wp-json\/wp\/v2\/media?parent=197"}],"curies":[{"name":"wp","href":"https:\/\/api.w.org\/{rel}","templated":true}]}}