{"id":78,"date":"2020-05-01T13:36:21","date_gmt":"2020-05-01T13:36:21","guid":{"rendered":"http:\/\/www.copainsdesoif.be\/site\/?page_id=78"},"modified":"2020-05-15T12:32:46","modified_gmt":"2020-05-15T12:32:46","slug":"domaine-de-la-touraize","status":"publish","type":"page","link":"https:\/\/www.copainsdesoif.be\/site\/index.php\/domaine-de-la-touraize\/","title":{"rendered":"Domaine de La Touraize"},"content":{"rendered":"\n<ul class=\"wp-block-gallery columns-2 is-cropped wp-block-gallery-1 is-layout-flex wp-block-gallery-is-layout-flex\"><li class=\"blocks-gallery-item\"><figure><img loading=\"lazy\" decoding=\"async\" width=\"1024\" height=\"684\" src=\"http:\/\/www.copainsdesoif.be\/site\/wp-content\/uploads\/2020\/05\/DSC00162-2-1024x684.jpg\" alt=\"\" data-id=\"160\" data-link=\"http:\/\/www.copainsdesoif.be\/site\/index.php\/domaine-de-la-touraize\/dsc00162-3\/\" class=\"wp-image-160\" srcset=\"https:\/\/www.copainsdesoif.be\/site\/wp-content\/uploads\/2020\/05\/DSC00162-2.jpg 1024w, https:\/\/www.copainsdesoif.be\/site\/wp-content\/uploads\/2020\/05\/DSC00162-2-300x200.jpg 300w, https:\/\/www.copainsdesoif.be\/site\/wp-content\/uploads\/2020\/05\/DSC00162-2-768x513.jpg 768w\" sizes=\"(max-width: 767px) 89vw, (max-width: 1000px) 54vw, (max-width: 1071px) 543px, 580px\" \/><\/figure><\/li><li class=\"blocks-gallery-item\"><figure><img loading=\"lazy\" decoding=\"async\" width=\"1024\" height=\"768\" src=\"http:\/\/www.copainsdesoif.be\/site\/wp-content\/uploads\/2020\/05\/P7150068-2-1024x768.jpg\" alt=\"\" data-id=\"161\" data-link=\"http:\/\/www.copainsdesoif.be\/site\/index.php\/domaine-de-la-touraize\/p7150068-2\/\" class=\"wp-image-161\" srcset=\"https:\/\/www.copainsdesoif.be\/site\/wp-content\/uploads\/2020\/05\/P7150068-2.jpg 1024w, https:\/\/www.copainsdesoif.be\/site\/wp-content\/uploads\/2020\/05\/P7150068-2-300x225.jpg 300w, https:\/\/www.copainsdesoif.be\/site\/wp-content\/uploads\/2020\/05\/P7150068-2-768x576.jpg 768w\" sizes=\"(max-width: 767px) 89vw, (max-width: 1000px) 54vw, (max-width: 1071px) 543px, 580px\" \/><\/figure><\/li><li class=\"blocks-gallery-item\"><figure><img loading=\"lazy\" decoding=\"async\" width=\"1024\" height=\"768\" src=\"http:\/\/www.copainsdesoif.be\/site\/wp-content\/uploads\/2020\/05\/P7150111-2-1024x768.jpg\" alt=\"\" data-id=\"162\" data-link=\"http:\/\/www.copainsdesoif.be\/site\/index.php\/domaine-de-la-touraize\/p7150111-2\/\" class=\"wp-image-162\" srcset=\"https:\/\/www.copainsdesoif.be\/site\/wp-content\/uploads\/2020\/05\/P7150111-2.jpg 1024w, https:\/\/www.copainsdesoif.be\/site\/wp-content\/uploads\/2020\/05\/P7150111-2-300x225.jpg 300w, https:\/\/www.copainsdesoif.be\/site\/wp-content\/uploads\/2020\/05\/P7150111-2-768x576.jpg 768w\" sizes=\"(max-width: 767px) 89vw, (max-width: 1000px) 54vw, (max-width: 1071px) 543px, 580px\" \/><\/figure><\/li><li class=\"blocks-gallery-item\"><figure><img loading=\"lazy\" decoding=\"async\" width=\"1024\" height=\"768\" src=\"http:\/\/www.copainsdesoif.be\/site\/wp-content\/uploads\/2020\/05\/P7150112-2-1024x768.jpg\" alt=\"\" data-id=\"163\" data-link=\"http:\/\/www.copainsdesoif.be\/site\/index.php\/domaine-de-la-touraize\/p7150112-2\/\" class=\"wp-image-163\" srcset=\"https:\/\/www.copainsdesoif.be\/site\/wp-content\/uploads\/2020\/05\/P7150112-2.jpg 1024w, https:\/\/www.copainsdesoif.be\/site\/wp-content\/uploads\/2020\/05\/P7150112-2-300x225.jpg 300w, https:\/\/www.copainsdesoif.be\/site\/wp-content\/uploads\/2020\/05\/P7150112-2-768x576.jpg 768w\" sizes=\"(max-width: 767px) 89vw, (max-width: 1000px) 54vw, (max-width: 1071px) 543px, 580px\" \/><\/figure><\/li><li class=\"blocks-gallery-item\"><figure><img loading=\"lazy\" decoding=\"async\" width=\"1024\" height=\"768\" src=\"http:\/\/www.copainsdesoif.be\/site\/wp-content\/uploads\/2020\/05\/P7150119-2-1024x768.jpg\" alt=\"\" data-id=\"164\" data-link=\"http:\/\/www.copainsdesoif.be\/site\/index.php\/domaine-de-la-touraize\/p7150119-2\/\" class=\"wp-image-164\" srcset=\"https:\/\/www.copainsdesoif.be\/site\/wp-content\/uploads\/2020\/05\/P7150119-2.jpg 1024w, https:\/\/www.copainsdesoif.be\/site\/wp-content\/uploads\/2020\/05\/P7150119-2-300x225.jpg 300w, https:\/\/www.copainsdesoif.be\/site\/wp-content\/uploads\/2020\/05\/P7150119-2-768x576.jpg 768w\" sizes=\"(max-width: 767px) 89vw, (max-width: 1000px) 54vw, (max-width: 1071px) 543px, 580px\" \/><\/figure><\/li><\/ul>\n\n\n\n<p> Het \u201cDomaine de la Touraize\u201d ligt in Arbois, de hoofdstad van de karaktervolle wijnen van de Jura (Franche-Comt\u00e9) en 1 van de oudste appellaties van Frankrijk. De reeds negende generatie wijnbouwers, Andr\u00e9-Jean en H\u00e9l\u00e9ana Morin, bewerkt de 13ha familiegronden die \u00a0gelegen zijn op de historische terroirs van de appellatie (La Touraize, La Flandre, Les Corv\u00e9es, Curoulet\u2026). Tot 2010 verkochten ze al hun duiven aan de plaatselijke co\u00f6peratieve om vanaf dan vervolgens hun eigen wijnen te gaan bottelen. Ze telen er alle druivenrassen van de Jura: Chardonnay, Savagnin, Ploussard, Trousseau en Pinot Noir.\u00a0 Dit alles met veel respect voor de natuur, zonder chemische additieven of onkruidbestrijding, met als doel het behoud van de biodiversiteit in de wijngaarden. De oogst verloopt manueel, men werkt met wilde gisten en men gebruikt lage dosissen sulfiet. Sinds 2015 koos het domein resoluut voor biologische landbouw. Men produceert binnen de appellaties AOP Arbois, AOP Cr\u00e9mant du Jura en AOP Macvin du Jura. <\/p>\n\n\n\n<p class=\"has-medium-font-size\"><strong>WIJNEN<\/strong><\/p>\n\n\n\n<ul><li>AOP Arbois \u2018<strong>Terres Bleues<\/strong>\u2019 (100% Savagnin, ouill\u00e9)<ul><li>10m hout,  fris, floraal, fruitig<\/li><\/ul><\/li><li>AOP <strong>Cr\u00e9mant de Jura<\/strong> (100% Chardonnay)<ul><li>18m sur lattes, fruitig, rijp wit fruit, geroosterd brood, boter, toasty<\/li><\/ul><\/li><li>AOP Arbois <strong>Trousseau &#8220;Les Corv\u00e9es&#8221;<\/strong> (100% Trousseau)<ul><li>12m hout,  rood fruit, kruidig, appelsien zeste, mokka<\/li><\/ul><\/li><li>AOP <strong>Macvin du Jura Rouge<\/strong><ul><li>15m eik, fruitige zoete likeurwijn<\/li><\/ul><\/li><li>AOP Arbois <strong>Chardonnay \u2018Les Corv\u00e9es\u2019<\/strong> (12m sur lie in houten foeders)<ul><li>Mineraliteit, boter, vanilla, brioche<\/li><\/ul><\/li><li>AOP Arbois <strong>C\u00f4tes \u00e0 C\u00f4tes<\/strong> (Pinot Noir 40%, 60% Trousseau)<ul><li>Rood fruit (framboos, kers)<\/li><\/ul><\/li><li>AOP Arbois <strong>Les Moulins<\/strong> (2\/3 Chardonnay, 1\/3 Savagnin) (12m sur lie in houten foeders)<ul><li>Fris, boterig, exotisch, gekruid<\/li><\/ul><\/li><li>P\u00e9tillant Naturel  &#8216;<strong>Les Dix Bulles<\/strong>&#8216; (80% Pint Noir, 20% Trousseau)<ul><li>Pet&#8217;Nat!<\/li><\/ul><\/li><li>AOP Arbois <strong>Ploussard &#8216;La Cabane&#8217;<\/strong> (100% Ploussard)<ul><li>3m demi-muids,, geen filtering, geen collage<\/li><\/ul><\/li><li>AOP Arbois <strong>Chardonnay &#8220;Les Voisines&#8221;<\/strong><\/li><li>AOP Arbois  <strong>Pinot noir &#8220;sur la c\u00f4te&#8221;<\/strong><\/li><\/ul>\n","protected":false},"excerpt":{"rendered":"<p>Het \u201cDomaine de la Touraize\u201d ligt in Arbois, de hoofdstad van de karaktervolle wijnen van de Jura (Franche-Comt\u00e9) en 1 van de oudste appellaties van Frankrijk. De reeds negende generatie wijnbouwers, Andr\u00e9-Jean en H\u00e9l\u00e9ana Morin, bewerkt de 13ha familiegronden die \u00a0gelegen zijn op de historische terroirs van de appellatie (La Touraize, La Flandre, Les Corv\u00e9es, &hellip; <\/p>\n<p class=\"link-more\"><a href=\"https:\/\/www.copainsdesoif.be\/site\/index.php\/domaine-de-la-touraize\/\" class=\"more-link\">Continue reading<span class=\"screen-reader-text\"> &#8220;Domaine de La Touraize&#8221;<\/span><\/a><\/p>\n","protected":false},"author":1,"featured_media":0,"parent":0,"menu_order":0,"comment_status":"closed","ping_status":"closed","template":"","meta":{"footnotes":""},"jetpack_sharing_enabled":true,"_links":{"self":[{"href":"https:\/\/www.copainsdesoif.be\/site\/index.php\/wp-json\/wp\/v2\/pages\/78"}],"collection":[{"href":"https:\/\/www.copainsdesoif.be\/site\/index.php\/wp-json\/wp\/v2\/pages"}],"about":[{"href":"https:\/\/www.copainsdesoif.be\/site\/index.php\/wp-json\/wp\/v2\/types\/page"}],"author":[{"embeddable":true,"href":"https:\/\/www.copainsdesoif.be\/site\/index.php\/wp-json\/wp\/v2\/users\/1"}],"replies":[{"embeddable":true,"href":"https:\/\/www.copainsdesoif.be\/site\/index.php\/wp-json\/wp\/v2\/comments?post=78"}],"version-history":[{"count":8,"href":"https:\/\/www.copainsdesoif.be\/site\/index.php\/wp-json\/wp\/v2\/pages\/78\/revisions"}],"predecessor-version":[{"id":287,"href":"https:\/\/www.copainsdesoif.be\/site\/index.php\/wp-json\/wp\/v2\/pages\/78\/revisions\/287"}],"wp:attachment":[{"href":"https:\/\/www.copainsdesoif.be\/site\/index.php\/wp-json\/wp\/v2\/media?parent=78"}],"curies":[{"name":"wp","href":"https:\/\/api.w.org\/{rel}","templated":true}]}}