{"id":92,"date":"2020-05-01T13:49:05","date_gmt":"2020-05-01T13:49:05","guid":{"rendered":"http:\/\/www.copainsdesoif.be\/site\/?page_id=92"},"modified":"2020-05-15T12:54:42","modified_gmt":"2020-05-15T12:54:42","slug":"domaine-vordy","status":"publish","type":"page","link":"https:\/\/www.copainsdesoif.be\/site\/index.php\/domaine-vordy\/","title":{"rendered":"Domaine Vordy"},"content":{"rendered":"\n<ul class=\"wp-block-gallery columns-2 is-cropped wp-block-gallery-1 is-layout-flex wp-block-gallery-is-layout-flex\"><li class=\"blocks-gallery-item\"><figure><img loading=\"lazy\" decoding=\"async\" width=\"1024\" height=\"768\" src=\"http:\/\/www.copainsdesoif.be\/site\/wp-content\/uploads\/2020\/05\/P8071304-2-1024x768.jpg\" alt=\"\" data-id=\"148\" data-link=\"http:\/\/www.copainsdesoif.be\/site\/index.php\/domaine-vordy\/p8071304-3\/\" class=\"wp-image-148\" srcset=\"https:\/\/www.copainsdesoif.be\/site\/wp-content\/uploads\/2020\/05\/P8071304-2.jpg 1024w, https:\/\/www.copainsdesoif.be\/site\/wp-content\/uploads\/2020\/05\/P8071304-2-300x225.jpg 300w, https:\/\/www.copainsdesoif.be\/site\/wp-content\/uploads\/2020\/05\/P8071304-2-768x576.jpg 768w\" sizes=\"(max-width: 767px) 89vw, (max-width: 1000px) 54vw, (max-width: 1071px) 543px, 580px\" \/><\/figure><\/li><li class=\"blocks-gallery-item\"><figure><img loading=\"lazy\" decoding=\"async\" width=\"1024\" height=\"771\" src=\"http:\/\/www.copainsdesoif.be\/site\/wp-content\/uploads\/2020\/05\/P8071308-2-1024x771.jpg\" alt=\"\" data-id=\"149\" data-link=\"http:\/\/www.copainsdesoif.be\/site\/index.php\/domaine-vordy\/p8071308-3\/\" class=\"wp-image-149\" srcset=\"https:\/\/www.copainsdesoif.be\/site\/wp-content\/uploads\/2020\/05\/P8071308-2.jpg 1024w, https:\/\/www.copainsdesoif.be\/site\/wp-content\/uploads\/2020\/05\/P8071308-2-300x226.jpg 300w, https:\/\/www.copainsdesoif.be\/site\/wp-content\/uploads\/2020\/05\/P8071308-2-768x578.jpg 768w\" sizes=\"(max-width: 767px) 89vw, (max-width: 1000px) 54vw, (max-width: 1071px) 543px, 580px\" \/><\/figure><\/li><li class=\"blocks-gallery-item\"><figure><img loading=\"lazy\" decoding=\"async\" width=\"1024\" height=\"768\" src=\"http:\/\/www.copainsdesoif.be\/site\/wp-content\/uploads\/2020\/05\/P8071313-2-1024x768.jpg\" alt=\"\" data-id=\"150\" data-link=\"http:\/\/www.copainsdesoif.be\/site\/index.php\/domaine-vordy\/p8071313-3\/\" class=\"wp-image-150\" srcset=\"https:\/\/www.copainsdesoif.be\/site\/wp-content\/uploads\/2020\/05\/P8071313-2.jpg 1024w, https:\/\/www.copainsdesoif.be\/site\/wp-content\/uploads\/2020\/05\/P8071313-2-300x225.jpg 300w, https:\/\/www.copainsdesoif.be\/site\/wp-content\/uploads\/2020\/05\/P8071313-2-768x576.jpg 768w\" sizes=\"(max-width: 767px) 89vw, (max-width: 1000px) 54vw, (max-width: 1071px) 543px, 580px\" \/><\/figure><\/li><li class=\"blocks-gallery-item\"><figure><img loading=\"lazy\" decoding=\"async\" width=\"768\" height=\"1024\" src=\"http:\/\/www.copainsdesoif.be\/site\/wp-content\/uploads\/2020\/05\/P8071316-2-768x1024.jpg\" alt=\"\" data-id=\"151\" data-link=\"http:\/\/www.copainsdesoif.be\/site\/index.php\/domaine-vordy\/p8071316-3\/\" class=\"wp-image-151\" srcset=\"https:\/\/www.copainsdesoif.be\/site\/wp-content\/uploads\/2020\/05\/P8071316-2.jpg 768w, https:\/\/www.copainsdesoif.be\/site\/wp-content\/uploads\/2020\/05\/P8071316-2-225x300.jpg 225w\" sizes=\"(max-width: 767px) 89vw, (max-width: 1000px) 54vw, (max-width: 1071px) 543px, 580px\" \/><\/figure><\/li><\/ul>\n\n\n\n<p>Het \u201cDomaine\nVordy\u201d is een familiaal domein van 20ha in de appellatie AOP Minervois,\ndichtbij Minerve, \u00e9\u00e9n van de mooiste dorpen in Frankrijk. Didier, H\u00e9l\u00e8ne &amp;\nThibault produceren biologische witte, rode en ros\u00e9wijnen zonder toegevoegde\nsulfieten (AB).<\/p>\n\n\n\n<p>De druiven;\nvnl. Roussanne, Grenache, Mourv\u00e8dre en Carignan, worden manueel geoogst bij\nvolle rijpheid. Dit zorgt voor complexe fruitige wijnen waarin je de\nmineraliteit van de ondergrond en de kruiden van de nabijgelegen <em>garrigue<\/em> goed kan proeven.<\/p>\n\n\n\n<p>De wijnen kunnen jong gedronken worden maar ontwikkelen zich ten volle naarmate ze ouder worden.<\/p>\n\n\n\n<ul class=\"wp-block-gallery columns-3 is-cropped wp-block-gallery-2 is-layout-flex wp-block-gallery-is-layout-flex\"><li class=\"blocks-gallery-item\"><figure><img loading=\"lazy\" decoding=\"async\" width=\"1024\" height=\"683\" src=\"http:\/\/www.copainsdesoif.be\/site\/wp-content\/uploads\/2020\/05\/H\u00e9l\u00e8ne_Didier_Thibaut-1-1024x683.jpg\" alt=\"\" data-id=\"153\" data-link=\"http:\/\/www.copainsdesoif.be\/site\/index.php\/domaine-vordy\/helene_didier_thibaut-2\/\" class=\"wp-image-153\" srcset=\"https:\/\/www.copainsdesoif.be\/site\/wp-content\/uploads\/2020\/05\/H\u00e9l\u00e8ne_Didier_Thibaut-1.jpg 1024w, https:\/\/www.copainsdesoif.be\/site\/wp-content\/uploads\/2020\/05\/H\u00e9l\u00e8ne_Didier_Thibaut-1-300x200.jpg 300w, https:\/\/www.copainsdesoif.be\/site\/wp-content\/uploads\/2020\/05\/H\u00e9l\u00e8ne_Didier_Thibaut-1-768x512.jpg 768w\" sizes=\"(max-width: 767px) 89vw, (max-width: 1000px) 54vw, (max-width: 1071px) 543px, 580px\" \/><\/figure><\/li><li class=\"blocks-gallery-item\"><figure><img loading=\"lazy\" decoding=\"async\" width=\"1024\" height=\"683\" src=\"http:\/\/www.copainsdesoif.be\/site\/wp-content\/uploads\/2020\/05\/pegounel-2-1024x683.jpg\" alt=\"\" data-id=\"154\" data-link=\"http:\/\/www.copainsdesoif.be\/site\/index.php\/domaine-vordy\/pegounel-2-2\/\" class=\"wp-image-154\" srcset=\"https:\/\/www.copainsdesoif.be\/site\/wp-content\/uploads\/2020\/05\/pegounel-2.jpg 1024w, https:\/\/www.copainsdesoif.be\/site\/wp-content\/uploads\/2020\/05\/pegounel-2-300x200.jpg 300w, https:\/\/www.copainsdesoif.be\/site\/wp-content\/uploads\/2020\/05\/pegounel-2-768x512.jpg 768w\" sizes=\"(max-width: 767px) 89vw, (max-width: 1000px) 54vw, (max-width: 1071px) 543px, 580px\" \/><\/figure><\/li><li class=\"blocks-gallery-item\"><figure><img loading=\"lazy\" decoding=\"async\" width=\"1024\" height=\"768\" src=\"http:\/\/www.copainsdesoif.be\/site\/wp-content\/uploads\/2020\/05\/P\u00e9gounel-vue-de-Fouaso-5-1024x768.jpg\" alt=\"\" data-id=\"155\" data-link=\"http:\/\/www.copainsdesoif.be\/site\/index.php\/domaine-vordy\/pegounel-vue-de-fouaso-2\/\" class=\"wp-image-155\" srcset=\"https:\/\/www.copainsdesoif.be\/site\/wp-content\/uploads\/2020\/05\/P\u00e9gounel-vue-de-Fouaso-5.jpg 1024w, https:\/\/www.copainsdesoif.be\/site\/wp-content\/uploads\/2020\/05\/P\u00e9gounel-vue-de-Fouaso-5-300x225.jpg 300w, https:\/\/www.copainsdesoif.be\/site\/wp-content\/uploads\/2020\/05\/P\u00e9gounel-vue-de-Fouaso-5-768x576.jpg 768w\" sizes=\"(max-width: 767px) 89vw, (max-width: 1000px) 54vw, (max-width: 1071px) 543px, 580px\" \/><\/figure><\/li><li class=\"blocks-gallery-item\"><figure><img loading=\"lazy\" decoding=\"async\" width=\"1024\" height=\"768\" src=\"http:\/\/www.copainsdesoif.be\/site\/wp-content\/uploads\/2020\/05\/syrah-roland-2-5-1024x768.jpg\" alt=\"\" data-id=\"156\" data-link=\"http:\/\/www.copainsdesoif.be\/site\/index.php\/domaine-vordy\/syrah-roland-2-2\/\" class=\"wp-image-156\" srcset=\"https:\/\/www.copainsdesoif.be\/site\/wp-content\/uploads\/2020\/05\/syrah-roland-2-5.jpg 1024w, https:\/\/www.copainsdesoif.be\/site\/wp-content\/uploads\/2020\/05\/syrah-roland-2-5-300x225.jpg 300w, https:\/\/www.copainsdesoif.be\/site\/wp-content\/uploads\/2020\/05\/syrah-roland-2-5-768x576.jpg 768w\" sizes=\"(max-width: 767px) 89vw, (max-width: 1000px) 54vw, (max-width: 1071px) 543px, 580px\" \/><\/figure><\/li><li class=\"blocks-gallery-item\"><figure><img loading=\"lazy\" decoding=\"async\" width=\"1024\" height=\"683\" src=\"http:\/\/www.copainsdesoif.be\/site\/wp-content\/uploads\/2020\/05\/vigne-cailloux-1024x683.jpg\" alt=\"\" data-id=\"157\" data-link=\"http:\/\/www.copainsdesoif.be\/site\/index.php\/domaine-vordy\/vigne-cailloux-2\/\" class=\"wp-image-157\" srcset=\"https:\/\/www.copainsdesoif.be\/site\/wp-content\/uploads\/2020\/05\/vigne-cailloux.jpg 1024w, https:\/\/www.copainsdesoif.be\/site\/wp-content\/uploads\/2020\/05\/vigne-cailloux-300x200.jpg 300w, https:\/\/www.copainsdesoif.be\/site\/wp-content\/uploads\/2020\/05\/vigne-cailloux-768x512.jpg 768w\" sizes=\"(max-width: 767px) 89vw, (max-width: 1000px) 54vw, (max-width: 1071px) 543px, 580px\" \/><\/figure><\/li><\/ul>\n\n\n\n<p class=\"has-medium-font-size\">WIJNEN<\/p>\n\n\n\n<ul><li>AOP Minervois <strong><a href=\"https:\/\/www.copainsdesoif.be\/site\/wp-content\/uploads\/2020\/05\/Pegounels.jpg\">Les P\u00e9gounels<\/a><\/strong> (20% Roussanne, 80% Grenache Blanc)<ul><li>Fruitig &amp; bloemetjes        <\/li><\/ul><\/li><li> AOP Minervois <strong><a href=\"https:\/\/www.copainsdesoif.be\/site\/wp-content\/uploads\/2020\/05\/Louise.jpg\">Louise <\/a><\/strong>(60% Syrah, 20% Grenache, 20% Carignan)<ul><li>10m inox, fruitig (kers), bloemetjes (violet), kruidig (nootmuskaat), zijdezachte tannine, soepel in de mond        <\/li><\/ul><\/li><li>  AOP Minervois <strong><a href=\"https:\/\/www.copainsdesoif.be\/site\/wp-content\/uploads\/2020\/05\/Ren\u00e9-1.jpg\">Ren\u00e9 <\/a><\/strong>(50% Grenache, 50% Mourv\u00e8dre)<ul><li>12m eik, cassis, framboos, cacao, bloemetjes (violet), soepele tannines      <\/li><\/ul><\/li><li> AOP Minervois Cuv\u00e9e <strong><a href=\"https:\/\/www.copainsdesoif.be\/site\/wp-content\/uploads\/2020\/05\/Alice.jpg\">Alice<\/a><\/strong><a href=\"https:\/\/www.copainsdesoif.be\/site\/wp-content\/uploads\/2020\/05\/Alice.jpg\"> <\/a>(33% Syrah, 33% Grenache, 33% Mourv\u00e8dre)<ul><li>10m eik, fruitig, kruidig (munt, kamperfoelie)      <\/li><\/ul><\/li><li> AOP Minervois<a href=\"https:\/\/www.copainsdesoif.be\/site\/wp-content\/uploads\/2020\/05\/Los-Gals.jpg\"> <\/a><strong><a href=\"https:\/\/www.copainsdesoif.be\/site\/wp-content\/uploads\/2020\/05\/Los-Gals.jpg\">Los Gals<\/a><\/strong><a href=\"https:\/\/www.copainsdesoif.be\/site\/wp-content\/uploads\/2020\/05\/Los-Gals.jpg\"> <\/a>(70% Roussanne, 30% Grenache Blanc)<ul><li>4m eik, vol en rond, agrum      <\/li><\/ul><\/li><li> AOP Minervois <strong><a href=\"https:\/\/www.copainsdesoif.be\/site\/wp-content\/uploads\/2020\/05\/Ros\u00e9.jpg\">Ros\u00e9 <\/a><\/strong>(33% Syrah, 33% Grenache, 33% Cinsault)<ul><li>Ros\u00e9 de saign\u00e9e, fruitig, witte vruchten        <\/li><\/ul><\/li><li> Vin de France <strong><a href=\"https:\/\/www.copainsdesoif.be\/site\/wp-content\/uploads\/2020\/05\/Muscat.jpg\">Muscat <\/a><\/strong>(100% Muscat petit grains)<ul><li>3m inox, heel fruitig, ronde afdronk        <\/li><\/ul><\/li><\/ul>\n\n\n\n<p><\/p>\n","protected":false},"excerpt":{"rendered":"<p>Het \u201cDomaine Vordy\u201d is een familiaal domein van 20ha in de appellatie AOP Minervois, dichtbij Minerve, \u00e9\u00e9n van de mooiste dorpen in Frankrijk. Didier, H\u00e9l\u00e8ne &amp; Thibault produceren biologische witte, rode en ros\u00e9wijnen zonder toegevoegde sulfieten (AB). De druiven; vnl. Roussanne, Grenache, Mourv\u00e8dre en Carignan, worden manueel geoogst bij volle rijpheid. Dit zorgt voor complexe &hellip; <\/p>\n<p class=\"link-more\"><a href=\"https:\/\/www.copainsdesoif.be\/site\/index.php\/domaine-vordy\/\" class=\"more-link\">Continue reading<span class=\"screen-reader-text\"> &#8220;Domaine Vordy&#8221;<\/span><\/a><\/p>\n","protected":false},"author":1,"featured_media":0,"parent":0,"menu_order":0,"comment_status":"closed","ping_status":"closed","template":"","meta":{"footnotes":""},"jetpack_sharing_enabled":true,"_links":{"self":[{"href":"https:\/\/www.copainsdesoif.be\/site\/index.php\/wp-json\/wp\/v2\/pages\/92"}],"collection":[{"href":"https:\/\/www.copainsdesoif.be\/site\/index.php\/wp-json\/wp\/v2\/pages"}],"about":[{"href":"https:\/\/www.copainsdesoif.be\/site\/index.php\/wp-json\/wp\/v2\/types\/page"}],"author":[{"embeddable":true,"href":"https:\/\/www.copainsdesoif.be\/site\/index.php\/wp-json\/wp\/v2\/users\/1"}],"replies":[{"embeddable":true,"href":"https:\/\/www.copainsdesoif.be\/site\/index.php\/wp-json\/wp\/v2\/comments?post=92"}],"version-history":[{"count":11,"href":"https:\/\/www.copainsdesoif.be\/site\/index.php\/wp-json\/wp\/v2\/pages\/92\/revisions"}],"predecessor-version":[{"id":299,"href":"https:\/\/www.copainsdesoif.be\/site\/index.php\/wp-json\/wp\/v2\/pages\/92\/revisions\/299"}],"wp:attachment":[{"href":"https:\/\/www.copainsdesoif.be\/site\/index.php\/wp-json\/wp\/v2\/media?parent=92"}],"curies":[{"name":"wp","href":"https:\/\/api.w.org\/{rel}","templated":true}]}}